{"id":12,"date":"2023-10-11T11:36:37","date_gmt":"2023-10-11T09:36:37","guid":{"rendered":"https:\/\/jag-stal.pl\/?page_id=12"},"modified":"2024-02-29T20:18:15","modified_gmt":"2024-02-29T19:18:15","slug":"firma-jag-stal","status":"publish","type":"page","link":"https:\/\/jag-stal.pl\/","title":{"rendered":"Firma Jag-Stal"},"content":{"rendered":"\n<div class=\"wp-block-cover alignfull is-light\" style=\"min-height:400px;aspect-ratio:unset;\"><span aria-hidden=\"true\" class=\"wp-block-cover__background has-nv-dark-bg-background-color has-background-dim\"><\/span><img decoding=\"async\" width=\"2560\" height=\"1707\" class=\"wp-block-cover__image-background wp-image-644\" alt=\"\" src=\"https:\/\/mll7js3swhny.i.optimole.com\/w:auto\/h:auto\/q:mauto\/ig:avif\/https:\/\/jag-stal.pl\/wp-content\/uploads\/2023\/10\/tube-bender-2819137-scaled.jpg\" data-object-fit=\"cover\"\/><div class=\"wp-block-cover__inner-container is-layout-flow wp-block-cover-is-layout-flow\">\n<div style=\"height:80px\" aria-hidden=\"true\" class=\"wp-block-spacer\"><\/div>\n\n\n\n<div class=\"wp-block-cover aligncenter is-light wp-duotone-unset-1\" style=\"min-height:200px;aspect-ratio:unset;\"><span aria-hidden=\"true\" class=\"wp-block-cover__background has-nv-site-bg-background-color has-background-dim\"><\/span><div class=\"wp-block-cover__inner-container is-layout-flow wp-block-cover-is-layout-flow\">\n<h1 class=\"wp-block-heading has-text-align-center has-neve-text-color-color has-text-color\">FIRMA JAG-STAL<\/h1>\n\n\n\n<p class=\"has-text-align-center\">POR\u0118CZE, WIATY, OGRODZENIA, BRAMY, FURTKI, PRZ\u0118S\u0141A, DRABINY, KRATY, ODBOJE, ODBOJNICE PRZYZIEMNE, PRZEMYS\u0141OWE, S\u0141UPOWE, BALUSTRADY, PODJAZDY, POR\u0118CZE, ZABUDOWY KOSZY I WIELE INNYCH PROJEKT\u00d3W NA ZAM\u00d3WIENIE<\/p>\n<\/div><\/div>\n\n\n\n<div style=\"height:80px\" aria-hidden=\"true\" class=\"wp-block-spacer\"><\/div>\n<\/div><\/div>\n\n\n\n<div style=\"height:20px\" aria-hidden=\"true\" class=\"wp-block-spacer\"><\/div>\n\n\n\n<p class=\"has-text-align-center has-neve-text-color-color has-text-color\">Firma JAG-STAL to nowoczesna firma oferuj\u0105ca szeroki wachlarz wyrob\u00f3w stalowych. Oferujemy wysok\u0105 jako\u015b\u0107 produkt\u00f3w.<\/p>\n\n\n\n<hr class=\"wp-block-separator has-alpha-channel-opacity\"\/>\n\n\n\n<div class=\"wp-block-columns is-layout-flex wp-container-core-columns-is-layout-9d6595d7 wp-block-columns-is-layout-flex\">\n<div class=\"wp-block-column is-layout-flow wp-block-column-is-layout-flow\">\n<div class=\"wp-block-cover has-parallax is-light has-border-color has-neve-link-hover-color-border-color\" style=\"border-width:2px;border-radius:15px;padding-top:0;padding-bottom:0;min-height:300px;aspect-ratio:unset;\"><span aria-hidden=\"true\" class=\"wp-block-cover__background has-background-dim-80 has-background-dim wp-block-cover__gradient-background has-background-gradient has-very-light-gray-to-cyan-bluish-gray-gradient-background\"><\/span><div role=\"img\" class=\"wp-block-cover__image-background wp-image-642 has-parallax\" style=\"background-position:50% 50%;background-image:url(https:\/\/mll7js3swhny.i.optimole.com\/w:auto\/h:auto\/q:mauto\/ig:avif\/https:\/\/jag-stal.pl\/wp-content\/uploads\/2023\/10\/stairs-3665532-scaled.jpg)\"><\/div><div class=\"wp-block-cover__inner-container is-layout-flow wp-block-cover-is-layout-flow\">\n<h4 class=\"wp-block-heading has-text-align-center has-neve-text-color-color has-text-color\"><strong>BALUSTRADY WEWN\u0118TRZNE <\/strong><br><strong>I ZEWN\u0118TRZNE<\/strong><\/h4>\n\n\n\n<p class=\"has-text-align-center has-neve-text-color-color has-text-color\"><\/p>\n\n\n\n<div class=\"wp-block-buttons is-content-justification-center is-layout-flex wp-container-core-buttons-is-layout-e1485a7b wp-block-buttons-is-layout-flex\">\n<div class=\"wp-block-button\"><a class=\"wp-block-button__link has-text-align-center wp-element-button\" href=\"https:\/\/jag-stal.pl\/?page_id=708\">Kliknij aby pozna\u0107 szczeg\u00f3\u0142y<\/a><\/div>\n<\/div>\n<\/div><\/div>\n<\/div>\n\n\n\n<div class=\"wp-block-column is-layout-flow wp-block-column-is-layout-flow\">\n<div class=\"wp-block-cover has-parallax is-light has-border-color has-neve-link-hover-color-border-color\" style=\"border-width:2px;border-radius:15px;min-height:300px;aspect-ratio:unset;\"><span aria-hidden=\"true\" class=\"wp-block-cover__background has-background-dim-80 has-background-dim wp-block-cover__gradient-background has-background-gradient has-very-light-gray-to-cyan-bluish-gray-gradient-background\"><\/span><div role=\"img\" class=\"wp-block-cover__image-background wp-image-750 has-parallax\" style=\"background-position:50% 50%;background-image:url(https:\/\/mll7js3swhny.i.optimole.com\/w:auto\/h:auto\/q:mauto\/ig:avif\/https:\/\/jag-stal.pl\/wp-content\/uploads\/2024\/01\/Photogenica-PHX64383251.jpg)\"><\/div><div class=\"wp-block-cover__inner-container is-layout-flow wp-block-cover-is-layout-flow\">\n<h5 class=\"wp-block-heading has-text-align-center has-neve-text-color-color has-text-color\" style=\"padding-top:0;padding-right:0;padding-bottom:0;padding-left:0\"><strong>BALUSTRADY BALKONOWE, BALUSTRADY TARASOWE, BALUSTRADY ZEWN\u0118TRZNE \u2013 NIERDZEWNE I ZE STALI<\/strong><\/h5>\n\n\n\n<p class=\"has-text-align-center has-neve-text-color-color has-text-color\"><\/p>\n\n\n\n<div class=\"wp-block-buttons is-content-justification-center is-layout-flex wp-container-core-buttons-is-layout-e1485a7b wp-block-buttons-is-layout-flex\">\n<div class=\"wp-block-button\"><a class=\"wp-block-button__link wp-element-button\" href=\"https:\/\/jag-stal.pl\/?page_id=712\">Kliknij aby pozna\u0107 szczeg\u00f3\u0142y<\/a><\/div>\n<\/div>\n<\/div><\/div>\n<\/div>\n\n\n\n<div class=\"wp-block-column is-layout-flow wp-block-column-is-layout-flow\">\n<div class=\"wp-block-cover has-parallax is-light has-border-color has-neve-link-hover-color-border-color\" style=\"border-width:2px;border-radius:15px;min-height:300px;aspect-ratio:unset;\"><span aria-hidden=\"true\" class=\"wp-block-cover__background has-background-dim-80 has-background-dim wp-block-cover__gradient-background has-background-gradient has-very-light-gray-to-cyan-bluish-gray-gradient-background\"><\/span><div role=\"img\" class=\"wp-block-cover__image-background wp-image-751 has-parallax\" style=\"background-position:50% 50%;background-image:url(https:\/\/mll7js3swhny.i.optimole.com\/w:auto\/h:auto\/q:mauto\/ig:avif\/https:\/\/jag-stal.pl\/wp-content\/uploads\/2024\/01\/Photogenica-PHX66124163.jpg)\"><\/div><div class=\"wp-block-cover__inner-container is-layout-flow wp-block-cover-is-layout-flow\">\n<h4 class=\"wp-block-heading has-text-align-center has-neve-text-color-color has-text-color\"><strong><strong>BALUSTRADA FRANCUSKA<\/strong><\/strong><\/h4>\n\n\n\n<p class=\"has-text-align-center has-neve-text-color-color has-text-color\"><\/p>\n\n\n\n<div class=\"wp-block-buttons is-content-justification-center is-layout-flex wp-container-core-buttons-is-layout-e1485a7b wp-block-buttons-is-layout-flex\">\n<div class=\"wp-block-button\"><a class=\"wp-block-button__link wp-element-button\" href=\"https:\/\/jag-stal.pl\/?page_id=714\">Kliknij aby pozna\u0107 szczeg\u00f3\u0142y<\/a><\/div>\n<\/div>\n<\/div><\/div>\n<\/div>\n<\/div>\n\n\n\n<div class=\"wp-block-columns is-layout-flex wp-container-core-columns-is-layout-9d6595d7 wp-block-columns-is-layout-flex\">\n<div class=\"wp-block-column is-layout-flow wp-block-column-is-layout-flow\">\n<div class=\"wp-block-cover has-parallax is-light has-border-color has-neve-link-hover-color-border-color\" style=\"border-width:2px;border-radius:15px;min-height:300px;aspect-ratio:unset;\"><span aria-hidden=\"true\" class=\"wp-block-cover__background has-background-dim-80 has-background-dim wp-block-cover__gradient-background has-background-gradient has-very-light-gray-to-cyan-bluish-gray-gradient-background\"><\/span><div role=\"img\" class=\"wp-block-cover__image-background wp-image-751 has-parallax\" style=\"background-position:50% 50%;background-image:url(https:\/\/mll7js3swhny.i.optimole.com\/w:auto\/h:auto\/q:mauto\/ig:avif\/https:\/\/jag-stal.pl\/wp-content\/uploads\/2024\/01\/Photogenica-PHX66124163.jpg)\"><\/div><div class=\"wp-block-cover__inner-container is-layout-flow wp-block-cover-is-layout-flow\">\n<h4 class=\"wp-block-heading has-text-align-center has-neve-text-color-color has-text-color\"><strong>POR\u0118CZE I POCHWYTY<\/strong><\/h4>\n\n\n\n<p class=\"has-text-align-center has-neve-text-color-color has-text-color\"><\/p>\n\n\n\n<div class=\"wp-block-buttons is-content-justification-center is-layout-flex wp-container-core-buttons-is-layout-16018d1d wp-block-buttons-is-layout-flex\">\n<div class=\"wp-block-button\"><a class=\"wp-block-button__link has-text-align-center wp-element-button\" href=\"https:\/\/jag-stal.pl\/?page_id=716\">Kliknij aby pozna\u0107 szczeg\u00f3\u0142y<\/a><\/div>\n<\/div>\n<\/div><\/div>\n<\/div>\n\n\n\n<div class=\"wp-block-column is-layout-flow wp-block-column-is-layout-flow\">\n<div class=\"wp-block-cover has-parallax is-light has-border-color has-neve-link-hover-color-border-color\" style=\"border-width:2px;border-radius:15px;min-height:300px;aspect-ratio:unset;\"><span aria-hidden=\"true\" class=\"wp-block-cover__background has-background-dim-80 has-background-dim wp-block-cover__gradient-background has-background-gradient has-very-light-gray-to-cyan-bluish-gray-gradient-background\"><\/span><div role=\"img\" class=\"wp-block-cover__image-background wp-image-756 has-parallax\" style=\"background-position:50% 50%;background-image:url(https:\/\/mll7js3swhny.i.optimole.com\/w:auto\/h:auto\/q:mauto\/ig:avif\/https:\/\/jag-stal.pl\/wp-content\/uploads\/2024\/01\/Photogenica-PHX675905704.jpg)\"><\/div><div class=\"wp-block-cover__inner-container is-layout-flow wp-block-cover-is-layout-flow\">\n<h4 class=\"wp-block-heading has-text-align-center has-neve-text-color-color has-text-color\"><strong>WIATY<\/strong><\/h4>\n\n\n\n<p class=\"has-text-align-center has-neve-text-color-color has-text-color\"><\/p>\n\n\n\n<div class=\"wp-block-buttons is-content-justification-center is-layout-flex wp-container-core-buttons-is-layout-16018d1d wp-block-buttons-is-layout-flex\">\n<div class=\"wp-block-button\"><a class=\"wp-block-button__link wp-element-button\" href=\"https:\/\/jag-stal.pl\/?page_id=718\">Kliknij aby pozna\u0107 szczeg\u00f3\u0142y<\/a><\/div>\n<\/div>\n<\/div><\/div>\n<\/div>\n\n\n\n<div class=\"wp-block-column is-layout-flow wp-block-column-is-layout-flow\">\n<div class=\"wp-block-cover has-parallax is-light has-border-color\" style=\"border-color:var(--nv-secondary-accent);border-width:2px;border-radius:15px;min-height:300px;aspect-ratio:unset;\"><span aria-hidden=\"true\" class=\"wp-block-cover__background has-background-dim-80 has-background-dim wp-block-cover__gradient-background has-background-gradient has-very-light-gray-to-cyan-bluish-gray-gradient-background\"><\/span><div role=\"img\" class=\"wp-block-cover__image-background wp-image-754 has-parallax\" style=\"background-position:50% 50%;background-image:url(https:\/\/mll7js3swhny.i.optimole.com\/w:auto\/h:auto\/q:mauto\/ig:avif\/https:\/\/jag-stal.pl\/wp-content\/uploads\/2024\/01\/Photogenica-PHX613712656.jpg)\"><\/div><div class=\"wp-block-cover__inner-container is-layout-flow wp-block-cover-is-layout-flow\">\n<h4 class=\"wp-block-heading has-text-align-center has-neve-text-color-color has-text-color\"><strong>OGRODZENIA, BRAMY, FURTKI I PRZ\u0118S\u0141A<\/strong><\/h4>\n\n\n\n<p class=\"has-text-align-center has-neve-text-color-color has-text-color\"><\/p>\n\n\n\n<div class=\"wp-block-buttons is-content-justification-center is-layout-flex wp-container-core-buttons-is-layout-16018d1d wp-block-buttons-is-layout-flex\">\n<div class=\"wp-block-button\"><a class=\"wp-block-button__link wp-element-button\" href=\"https:\/\/jag-stal.pl\/?page_id=720\">Kliknij aby pozna\u0107 szczeg\u00f3\u0142y<\/a><\/div>\n<\/div>\n<\/div><\/div>\n<\/div>\n<\/div>\n\n\n\n<div class=\"wp-block-columns is-layout-flex wp-container-core-columns-is-layout-9d6595d7 wp-block-columns-is-layout-flex\">\n<div class=\"wp-block-column is-layout-flow wp-block-column-is-layout-flow\">\n<div class=\"wp-block-cover has-parallax is-light has-border-color\" style=\"border-color:var(--nv-secondary-accent);border-width:2px;border-radius:15px;min-height:300px;aspect-ratio:unset;\"><span aria-hidden=\"true\" class=\"wp-block-cover__background has-background-dim-80 has-background-dim wp-block-cover__gradient-background has-background-gradient has-very-light-gray-to-cyan-bluish-gray-gradient-background\"><\/span><div role=\"img\" class=\"wp-block-cover__image-background wp-image-644 has-parallax\" style=\"background-position:50% 50%;background-image:url(https:\/\/mll7js3swhny.i.optimole.com\/w:auto\/h:auto\/q:mauto\/ig:avif\/https:\/\/jag-stal.pl\/wp-content\/uploads\/2023\/10\/tube-bender-2819137-scaled.jpg)\"><\/div><div class=\"wp-block-cover__inner-container is-layout-flow wp-block-cover-is-layout-flow\">\n<h4 class=\"wp-block-heading has-text-align-center has-neve-text-color-color has-text-color\"><strong>DRABINY, KRATY, ODBOJE, ODBOJNICE PRZYZIEMNE, PRZEMYS\u0141OWE, S\u0141UPOWE<\/strong><\/h4>\n\n\n\n<p class=\"has-text-align-center has-neve-text-color-color has-text-color\"><\/p>\n\n\n\n<div class=\"wp-block-buttons is-content-justification-center is-layout-flex wp-container-core-buttons-is-layout-16018d1d wp-block-buttons-is-layout-flex\">\n<div class=\"wp-block-button\"><a class=\"wp-block-button__link has-text-align-center wp-element-button\" href=\"https:\/\/jag-stal.pl\/?page_id=722\">Kliknij aby pozna\u0107 szczeg\u00f3\u0142y<\/a><\/div>\n<\/div>\n<\/div><\/div>\n<\/div>\n\n\n\n<div class=\"wp-block-column is-layout-flow wp-block-column-is-layout-flow\">\n<div class=\"wp-block-cover has-parallax is-light has-border-color\" style=\"border-color:var(--nv-secondary-accent);border-width:2px;border-radius:15px;min-height:300px;aspect-ratio:unset;\"><span aria-hidden=\"true\" class=\"wp-block-cover__background has-background-dim-80 has-background-dim wp-block-cover__gradient-background has-background-gradient has-very-light-gray-to-cyan-bluish-gray-gradient-background\"><\/span><div role=\"img\" class=\"wp-block-cover__image-background wp-image-750 has-parallax\" style=\"background-position:50% 50%;background-image:url(https:\/\/mll7js3swhny.i.optimole.com\/w:auto\/h:auto\/q:mauto\/ig:avif\/https:\/\/jag-stal.pl\/wp-content\/uploads\/2024\/01\/Photogenica-PHX64383251.jpg)\"><\/div><div class=\"wp-block-cover__inner-container is-layout-flow wp-block-cover-is-layout-flow\">\n<h4 class=\"wp-block-heading has-text-align-center has-neve-text-color-color has-text-color\"><strong>BALUSTRADY, PODJAZDY I POR\u0118CZE DLA OS\u00d3B NIEPE\u0141NOSPRAWNYCH<\/strong><\/h4>\n\n\n\n<p class=\"has-text-align-center has-neve-text-color-color has-text-color\"><\/p>\n\n\n\n<div class=\"wp-block-buttons is-content-justification-center is-layout-flex wp-container-core-buttons-is-layout-16018d1d wp-block-buttons-is-layout-flex\">\n<div class=\"wp-block-button\"><a class=\"wp-block-button__link wp-element-button\" href=\"https:\/\/jag-stal.pl\/?page_id=724\">Kliknij aby pozna\u0107 szczeg\u00f3\u0142y<\/a><\/div>\n<\/div>\n<\/div><\/div>\n<\/div>\n\n\n\n<div class=\"wp-block-column is-layout-flow wp-block-column-is-layout-flow\">\n<div class=\"wp-block-cover has-parallax is-light has-border-color\" style=\"border-color:var(--nv-secondary-accent);border-width:2px;border-radius:15px;min-height:300px;aspect-ratio:unset;\"><span aria-hidden=\"true\" class=\"wp-block-cover__background has-background-dim-80 has-background-dim wp-block-cover__gradient-background has-background-gradient has-very-light-gray-to-cyan-bluish-gray-gradient-background\"><\/span><div role=\"img\" class=\"wp-block-cover__image-background wp-image-644 has-parallax\" style=\"background-position:50% 50%;background-image:url(https:\/\/mll7js3swhny.i.optimole.com\/w:auto\/h:auto\/q:mauto\/ig:avif\/https:\/\/jag-stal.pl\/wp-content\/uploads\/2023\/10\/tube-bender-2819137-scaled.jpg)\"><\/div><div class=\"wp-block-cover__inner-container is-layout-flow wp-block-cover-is-layout-flow\">\n<h4 class=\"wp-block-heading has-text-align-center has-neve-text-color-color has-text-color\"><strong>ZABUDOWY KOSZY<\/strong><\/h4>\n\n\n\n<p class=\"has-text-align-center has-neve-text-color-color has-text-color\"><\/p>\n\n\n\n<div class=\"wp-block-buttons is-content-justification-center is-layout-flex wp-container-core-buttons-is-layout-16018d1d wp-block-buttons-is-layout-flex\">\n<div class=\"wp-block-button\"><a class=\"wp-block-button__link wp-element-button\" href=\"https:\/\/jag-stal.pl\/?page_id=726\">Kliknij aby pozna\u0107 szczeg\u00f3\u0142y<\/a><\/div>\n<\/div>\n<\/div><\/div>\n<\/div>\n<\/div>\n\n\n\n<hr class=\"wp-block-separator has-alpha-channel-opacity\"\/>\n\n\n\n<div class=\"wp-block-group alignfull has-background-color has-white-color has-black-background-color has-text-color has-background has-link-color wp-elements-b967b11084828a862df4e43448425253 is-vertical is-content-justification-center is-layout-flex wp-container-core-group-is-layout-8adbaf51 wp-block-group-is-layout-flex\" style=\"min-height:40vh;margin-top:0;margin-bottom:0;padding-top:var(--wp--preset--spacing--60);padding-right:var(--wp--preset--spacing--40);padding-bottom:var(--wp--preset--spacing--60);padding-left:var(--wp--preset--spacing--40)\">\n<div class=\"wp-block-columns alignwide has-small-font-size is-layout-flex wp-container-core-columns-is-layout-9d6595d7 wp-block-columns-is-layout-flex\">\n<div class=\"wp-block-column is-vertically-aligned-center is-layout-flow wp-block-column-is-layout-flow\">\n<p><\/p>\n\n\n\n<h2 class=\"wp-block-heading has-text-align-center\"><mark style=\"background-color:rgba(0, 0, 0, 0)\" class=\"has-inline-color has-nv-site-bg-color\">Kontakt<\/mark><\/h2>\n\n\n\n<p><\/p>\n\n\n\n<p class=\"has-text-align-center\"><mark style=\"background-color:rgba(0, 0, 0, 0)\" class=\"has-inline-color has-nv-site-bg-color\">Telefony kontaktowe:<br><a href=\"tel:+48577267177\">+48 577 267 177<\/a><br><a href=\"tel: +48609890850\">+48 609 890 850<\/a><br><a href=\"tel:+48785180707\">+48 785 180 707<\/a><\/mark><\/p>\n\n\n\n<p class=\"has-text-align-center\"><mark style=\"background-color:rgba(0, 0, 0, 0)\" class=\"has-inline-color has-nv-text-dark-bg-color\">ul. Marii Sk\u0142odowskiej-Curie 25\/32<br>42-217 Cz\u0119stochowa<\/mark><\/p>\n\n\n\n<p class=\"has-text-align-center\"><a href=\"mailto:biuro@jag-stal.pl\">biuro@jag-stal.pl<\/a><\/p>\n<\/div>\n\n\n\n<div class=\"wp-block-column is-vertically-aligned-center is-layout-flow wp-block-column-is-layout-flow\">\n<figure class=\"wp-block-image size-large\"><img decoding=\"async\" width=\"1024\" height=\"639\" src=\"https:\/\/mll7js3swhny.i.optimole.com\/w:1024\/h:639\/q:mauto\/ig:avif\/https:\/\/jag-stal.pl\/wp-content\/uploads\/2023\/10\/tube-898660.jpg\" alt=\"\" class=\"wp-image-643\"\/><\/figure>\n<\/div>\n<\/div>\n\n\n\n<hr class=\"wp-block-separator has-alpha-channel-opacity\"\/>\n\n\n\n<p class=\"has-text-align-center\"><mark style=\"background-color:rgba(0, 0, 0, 0)\" class=\"has-inline-color has-nv-site-bg-color\">Copyright Jag-Stal 2024<\/mark> <mark style=\"background-color:rgba(0, 0, 0, 0)\" class=\"has-inline-color has-nv-site-bg-color\">|<\/mark> <mark style=\"background-color:rgba(0, 0, 0, 0)\" class=\"has-inline-color has-nv-site-bg-color\">Wykonanie: <a href=\"https:\/\/infotechnology.pl\">InfoTechnology<\/a><\/mark><\/p>\n<\/div>\n","protected":false},"excerpt":{"rendered":"<p>Firma JAG-STAL to nowoczesna firma oferuj\u0105ca szeroki wachlarz wyrob\u00f3w stalowych. Oferujemy wysok\u0105 jako\u015b\u0107 produkt\u00f3w. Kontakt Telefony kontaktowe:+48 577 267 177+48 609 890 850+48 785 180 707 ul. Marii Sk\u0142odowskiej-Curie 25\/3242-217 Cz\u0119stochowa biuro@jag-stal.pl Copyright Jag-Stal 2024 | Wykonanie: InfoTechnology<\/p>\n","protected":false},"author":1,"featured_media":0,"parent":0,"menu_order":0,"comment_status":"closed","ping_status":"closed","template":"","meta":{"neve_meta_sidebar":"full-width","neve_meta_container":"contained","neve_meta_enable_content_width":"off","neve_meta_content_width":90,"neve_meta_title_alignment":"center","neve_meta_author_avatar":"","neve_post_elements_order":"","neve_meta_disable_header":"","neve_meta_disable_footer":"on","neve_meta_disable_title":"on","_ti_tpc_template_sync":false,"_ti_tpc_template_id":"","footnotes":""},"class_list":["post-12","page","type-page","status-publish","hentry"],"_links":{"self":[{"href":"https:\/\/jag-stal.pl\/index.php?rest_route=\/wp\/v2\/pages\/12","targetHints":{"allow":["GET"]}}],"collection":[{"href":"https:\/\/jag-stal.pl\/index.php?rest_route=\/wp\/v2\/pages"}],"about":[{"href":"https:\/\/jag-stal.pl\/index.php?rest_route=\/wp\/v2\/types\/page"}],"author":[{"embeddable":true,"href":"https:\/\/jag-stal.pl\/index.php?rest_route=\/wp\/v2\/users\/1"}],"replies":[{"embeddable":true,"href":"https:\/\/jag-stal.pl\/index.php?rest_route=%2Fwp%2Fv2%2Fcomments&post=12"}],"version-history":[{"count":37,"href":"https:\/\/jag-stal.pl\/index.php?rest_route=\/wp\/v2\/pages\/12\/revisions"}],"predecessor-version":[{"id":815,"href":"https:\/\/jag-stal.pl\/index.php?rest_route=\/wp\/v2\/pages\/12\/revisions\/815"}],"wp:attachment":[{"href":"https:\/\/jag-stal.pl\/index.php?rest_route=%2Fwp%2Fv2%2Fmedia&parent=12"}],"curies":[{"name":"wp","href":"https:\/\/api.w.org\/{rel}","templated":true}]}}