{"id":712,"date":"2024-01-29T22:36:51","date_gmt":"2024-01-29T21:36:51","guid":{"rendered":"https:\/\/jag-stal.pl\/?page_id=712"},"modified":"2024-01-30T22:16:45","modified_gmt":"2024-01-30T21:16:45","slug":"balustrady-balkonowe-balustrady-tarasowe-balustrady-zewnetrzne-nierdzewne-i-ze-stali","status":"publish","type":"page","link":"https:\/\/jag-stal.pl\/?page_id=712","title":{"rendered":"Balustrady balkonowe, balustrady tarasowe, balustrady zewn\u0119trzne \u2013 nierdzewne i ze stali"},"content":{"rendered":"\n<p>Balustrady balkonowe, balustrady na taras oraz pozosta\u0142e balustrady zewn\u0119trzne mo\u017cemy dostosowa\u0107 do ka\u017cdego stylu architektonicznego, poprzez zastosowanie r\u00f3\u017cnorodnych materia\u0142\u00f3w oraz wype\u0142nie\u0144.<\/p>\n\n\n\n<figure class=\"wp-block-image size-full\"><img decoding=\"async\" width=\"999\" height=\"664\" src=\"https:\/\/mll7js3swhny.i.optimole.com\/w:auto\/h:auto\/q:mauto\/ig:avif\/https:\/\/jag-stal.pl\/wp-content\/uploads\/2024\/01\/Photogenica-PHX66124163.jpg\" alt=\"\" class=\"wp-image-751\"\/><\/figure>\n\n\n\n<p><\/p>\n\n\n\n<p style=\"padding-top:0;padding-bottom:0\">Najbardziej popularne rodzaje wype\u0142nie\u0144 balustrad balkonowych i tarasowych to:<\/p>\n\n\n\n<ul class=\"wp-block-list\">\n<li>a\u017curowe balustrady z wype\u0142nieniem ze stali &#8211; uk\u0142ady rurek, profili, linek;<\/li>\n\n\n\n<li>balustrady ze szk\u0142em &#8211; szk\u0142o bezpieczne, hartowane;<\/li>\n\n\n\n<li>balustrady z tworzywem sztucznym &#8211; poliw\u0119glan i plexi;<\/li>\n\n\n\n<li>tradycyjne balustrady kute;<\/li>\n\n\n\n<li>balustrady z blach\u0105 &#8211; blachy perforowane, siatki.<\/li>\n<\/ul>\n\n\n\n<p>Balustrady balkonowe i balustrady zewn\u0119trzne wykonujemy ze stali. Stalowa konstrukcja gwarantuje u\u017cytkownikom odpowiedni poziom bezpiecze\u0144stwa i wytrzyma\u0142o\u015b\u0107 przez wiele lata.<br>Proponowane rodzaje konstrukcji balustrad balkonowych:<\/p>\n\n\n\n<ul class=\"wp-block-list\">\n<li>balustrady nierdzewne o powierzchni szczotkowanej (szlifowanej) lub polerowanej;<\/li>\n\n\n\n<li>balustrady ze stali konstrukcyjnej ocynkowanej;<\/li>\n\n\n\n<li>balustrady stalowe lakierowane na dowolny kolor palety RAL.<\/li>\n<\/ul>\n\n\n\n<div class=\"wp-block-group alignfull has-background-color has-white-color has-black-background-color has-text-color has-background has-link-color wp-elements-bd7e4222cbd3321b8dbbb48efd0ac548 is-vertical is-content-justification-center is-layout-flex wp-container-core-group-is-layout-8adbaf51 wp-block-group-is-layout-flex\" style=\"min-height:40vh;margin-top:0;margin-bottom:0;padding-top:var(--wp--preset--spacing--60);padding-right:var(--wp--preset--spacing--40);padding-bottom:var(--wp--preset--spacing--60);padding-left:var(--wp--preset--spacing--40)\">\n<div class=\"wp-block-columns alignwide has-small-font-size is-layout-flex wp-container-core-columns-is-layout-9d6595d7 wp-block-columns-is-layout-flex\">\n<div class=\"wp-block-column is-layout-flow wp-block-column-is-layout-flow\">\n<p><\/p>\n\n\n\n<h2 class=\"wp-block-heading has-text-align-center\"><mark style=\"background-color:rgba(0, 0, 0, 0)\" class=\"has-inline-color has-nv-site-bg-color\">Kontakt<\/mark><\/h2>\n\n\n\n<p><\/p>\n\n\n\n<p class=\"has-text-align-center\"><mark style=\"background-color:rgba(0, 0, 0, 0)\" class=\"has-inline-color has-nv-site-bg-color\">Telefony kontaktowe:<br><a href=\"tel:+48577267177\">+48 577 267 177<\/a><br><a href=\"tel: +48609890850\">+48 609 890 850<\/a><br><a href=\"tel:+48785180707\">+48 785 180 707<\/a><\/mark><\/p>\n\n\n\n<p class=\"has-text-align-center\"><mark style=\"background-color:rgba(0, 0, 0, 0)\" class=\"has-inline-color has-nv-text-dark-bg-color\">ul. Marii Sk\u0142odowskiej-Curie 25\/32<br>42-217 Cz\u0119stochowa<\/mark><\/p>\n\n\n\n<p class=\"has-text-align-center\"><a href=\"mailto:biuro@jag-stal.pl\">biuro@jag-stal.pl<\/a><\/p>\n<\/div>\n\n\n\n<div class=\"wp-block-column is-vertically-aligned-center is-layout-flow wp-block-column-is-layout-flow\">\n<figure class=\"wp-block-image size-large\"><img decoding=\"async\" width=\"1024\" height=\"639\" src=\"https:\/\/mll7js3swhny.i.optimole.com\/w:1024\/h:639\/q:mauto\/ig:avif\/https:\/\/jag-stal.pl\/wp-content\/uploads\/2023\/10\/tube-898660.jpg\" alt=\"\" class=\"wp-image-643\"\/><\/figure>\n<\/div>\n<\/div>\n\n\n\n<hr class=\"wp-block-separator has-alpha-channel-opacity\"\/>\n\n\n\n<p class=\"has-text-align-center\"><mark style=\"background-color:rgba(0, 0, 0, 0)\" class=\"has-inline-color has-nv-site-bg-color\">Copyright Jag-Stal 2024<\/mark> <mark style=\"background-color:rgba(0, 0, 0, 0)\" class=\"has-inline-color has-nv-site-bg-color\">|<\/mark> <mark style=\"background-color:rgba(0, 0, 0, 0)\" class=\"has-inline-color has-nv-site-bg-color\">Wykonanie: <a href=\"https:\/\/infotechnology.pl\">InfoTechnology<\/a><\/mark><\/p>\n<\/div>\n","protected":false},"excerpt":{"rendered":"<p>Balustrady balkonowe, balustrady na taras oraz pozosta\u0142e balustrady zewn\u0119trzne mo\u017cemy dostosowa\u0107 do ka\u017cdego stylu architektonicznego, poprzez zastosowanie r\u00f3\u017cnorodnych materia\u0142\u00f3w oraz wype\u0142nie\u0144. Najbardziej popularne rodzaje wype\u0142nie\u0144 balustrad balkonowych i tarasowych to: Balustrady balkonowe i balustrady zewn\u0119trzne wykonujemy ze stali. Stalowa konstrukcja gwarantuje u\u017cytkownikom odpowiedni poziom bezpiecze\u0144stwa i wytrzyma\u0142o\u015b\u0107 przez wiele lata.Proponowane rodzaje konstrukcji balustrad balkonowych: Kontakt&hellip;&nbsp;<a href=\"https:\/\/jag-stal.pl\/?page_id=712\" class=\"\" rel=\"bookmark\">Czytaj dalej &raquo;<span class=\"screen-reader-text\">Balustrady balkonowe, balustrady tarasowe, balustrady zewn\u0119trzne \u2013 nierdzewne i ze stali<\/span><\/a><\/p>\n","protected":false},"author":1,"featured_media":0,"parent":0,"menu_order":0,"comment_status":"closed","ping_status":"closed","template":"","meta":{"neve_meta_sidebar":"","neve_meta_container":"","neve_meta_enable_content_width":"","neve_meta_content_width":0,"neve_meta_title_alignment":"","neve_meta_author_avatar":"","neve_post_elements_order":"","neve_meta_disable_header":"","neve_meta_disable_footer":"on","neve_meta_disable_title":"","_ti_tpc_template_sync":false,"_ti_tpc_template_id":"","footnotes":""},"class_list":["post-712","page","type-page","status-publish","hentry"],"_links":{"self":[{"href":"https:\/\/jag-stal.pl\/index.php?rest_route=\/wp\/v2\/pages\/712","targetHints":{"allow":["GET"]}}],"collection":[{"href":"https:\/\/jag-stal.pl\/index.php?rest_route=\/wp\/v2\/pages"}],"about":[{"href":"https:\/\/jag-stal.pl\/index.php?rest_route=\/wp\/v2\/types\/page"}],"author":[{"embeddable":true,"href":"https:\/\/jag-stal.pl\/index.php?rest_route=\/wp\/v2\/users\/1"}],"replies":[{"embeddable":true,"href":"https:\/\/jag-stal.pl\/index.php?rest_route=%2Fwp%2Fv2%2Fcomments&post=712"}],"version-history":[{"count":4,"href":"https:\/\/jag-stal.pl\/index.php?rest_route=\/wp\/v2\/pages\/712\/revisions"}],"predecessor-version":[{"id":796,"href":"https:\/\/jag-stal.pl\/index.php?rest_route=\/wp\/v2\/pages\/712\/revisions\/796"}],"wp:attachment":[{"href":"https:\/\/jag-stal.pl\/index.php?rest_route=%2Fwp%2Fv2%2Fmedia&parent=712"}],"curies":[{"name":"wp","href":"https:\/\/api.w.org\/{rel}","templated":true}]}}