{"id":714,"date":"2024-01-29T22:37:48","date_gmt":"2024-01-29T21:37:48","guid":{"rendered":"https:\/\/jag-stal.pl\/?page_id=714"},"modified":"2024-01-30T22:16:37","modified_gmt":"2024-01-30T21:16:37","slug":"balustrada-francuska","status":"publish","type":"page","link":"https:\/\/jag-stal.pl\/?page_id=714","title":{"rendered":"Balustrada francuska"},"content":{"rendered":"\n<p>Portfenetr, nazywany oknem francuskim (z francuskiego: porte \u2013 drzwi i fen\u00eatre \u2013 okno), wygl\u0105da jak wyj\u015bcie na balkon i wymusza zastosowania balustrady francuskiej. Ma wi\u0119c ona za zadanie chroni\u0107 osoby wygl\u0105daj\u0105ce przez okno przed wypadni\u0119ciem, a jednocze\u015bnie stanowi element architektoniczny w fasadzie. Balustrady francuskie (portfenetr) wykonujemy ze stali nierdzewnej lub konstrukcyjnej malowanej proszkowo albo ze stali ocynkowanej.&nbsp; Portfenetr mog\u0105 mie\u0107 r\u00f3\u017cnorodne wype\u0142nienia.<\/p>\n\n\n\n<div class=\"wp-block-group alignfull has-background-color has-white-color has-black-background-color has-text-color has-background has-link-color wp-elements-5d6d7024b61f2461668bf38f88a767b7 is-vertical is-content-justification-stretch is-layout-flex wp-container-core-group-is-layout-47eb2bc5 wp-block-group-is-layout-flex\" style=\"min-height:40vh;margin-top:0;margin-bottom:0;padding-top:var(--wp--preset--spacing--60);padding-right:var(--wp--preset--spacing--40);padding-bottom:var(--wp--preset--spacing--60);padding-left:var(--wp--preset--spacing--40)\">\n<div class=\"wp-block-columns alignwide has-small-font-size is-layout-flex wp-container-core-columns-is-layout-9d6595d7 wp-block-columns-is-layout-flex\">\n<div class=\"wp-block-column is-layout-flow wp-block-column-is-layout-flow\">\n<p><\/p>\n\n\n\n<h2 class=\"wp-block-heading has-text-align-center\"><mark style=\"background-color:rgba(0, 0, 0, 0)\" class=\"has-inline-color has-nv-site-bg-color\">Kontakt<\/mark><\/h2>\n\n\n\n<p><\/p>\n\n\n\n<p class=\"has-text-align-center\"><mark style=\"background-color:rgba(0, 0, 0, 0)\" class=\"has-inline-color has-nv-site-bg-color\">Telefony kontaktowe:<br><a href=\"tel:+48577267177\">+48 577 267 177<\/a><br><a href=\"tel: +48609890850\">+48 609 890 850<\/a><br><a href=\"tel:+48785180707\">+48 785 180 707<\/a><\/mark><\/p>\n\n\n\n<p class=\"has-text-align-center\"><mark style=\"background-color:rgba(0, 0, 0, 0)\" class=\"has-inline-color has-nv-text-dark-bg-color\">ul. Marii Sk\u0142odowskiej-Curie 25\/32<br>42-217 Cz\u0119stochowa<\/mark><\/p>\n\n\n\n<p class=\"has-text-align-center\"><a href=\"mailto:biuro@jag-stal.pl\">biuro@jag-stal.pl<\/a><\/p>\n<\/div>\n\n\n\n<div class=\"wp-block-column is-layout-flow wp-block-column-is-layout-flow\">\n<figure class=\"wp-block-image size-large\"><img decoding=\"async\" width=\"1024\" height=\"639\" src=\"https:\/\/mll7js3swhny.i.optimole.com\/w:1024\/h:639\/q:mauto\/ig:avif\/https:\/\/jag-stal.pl\/wp-content\/uploads\/2023\/10\/tube-898660.jpg\" alt=\"\" class=\"wp-image-643\"\/><\/figure>\n<\/div>\n<\/div>\n\n\n\n<p class=\"has-text-align-center has-small-font-size\"><\/p>\n\n\n\n<hr class=\"wp-block-separator has-alpha-channel-opacity\"\/>\n\n\n\n<p class=\"has-text-align-center\"><mark style=\"background-color:rgba(0, 0, 0, 0)\" class=\"has-inline-color has-nv-site-bg-color\">Copyright Jag-Stal 2024<\/mark> <mark style=\"background-color:rgba(0, 0, 0, 0)\" class=\"has-inline-color has-nv-site-bg-color\">|<\/mark> <mark style=\"background-color:rgba(0, 0, 0, 0)\" class=\"has-inline-color has-nv-site-bg-color\">Wykonanie: <a href=\"https:\/\/infotechnology.pl\">InfoTechnology<\/a><\/mark><\/p>\n<\/div>\n","protected":false},"excerpt":{"rendered":"<p>Portfenetr, nazywany oknem francuskim (z francuskiego: porte \u2013 drzwi i fen\u00eatre \u2013 okno), wygl\u0105da jak wyj\u015bcie na balkon i wymusza zastosowania balustrady francuskiej. Ma wi\u0119c ona za zadanie chroni\u0107 osoby wygl\u0105daj\u0105ce przez okno przed wypadni\u0119ciem, a jednocze\u015bnie stanowi element architektoniczny w fasadzie. Balustrady francuskie (portfenetr) wykonujemy ze stali nierdzewnej lub konstrukcyjnej malowanej proszkowo albo ze&hellip;&nbsp;<a href=\"https:\/\/jag-stal.pl\/?page_id=714\" class=\"\" rel=\"bookmark\">Czytaj dalej &raquo;<span class=\"screen-reader-text\">Balustrada francuska<\/span><\/a><\/p>\n","protected":false},"author":1,"featured_media":0,"parent":0,"menu_order":0,"comment_status":"closed","ping_status":"closed","template":"","meta":{"neve_meta_sidebar":"","neve_meta_container":"","neve_meta_enable_content_width":"","neve_meta_content_width":0,"neve_meta_title_alignment":"","neve_meta_author_avatar":"","neve_post_elements_order":"","neve_meta_disable_header":"","neve_meta_disable_footer":"on","neve_meta_disable_title":"","_ti_tpc_template_sync":false,"_ti_tpc_template_id":"","footnotes":""},"class_list":["post-714","page","type-page","status-publish","hentry"],"_links":{"self":[{"href":"https:\/\/jag-stal.pl\/index.php?rest_route=\/wp\/v2\/pages\/714","targetHints":{"allow":["GET"]}}],"collection":[{"href":"https:\/\/jag-stal.pl\/index.php?rest_route=\/wp\/v2\/pages"}],"about":[{"href":"https:\/\/jag-stal.pl\/index.php?rest_route=\/wp\/v2\/types\/page"}],"author":[{"embeddable":true,"href":"https:\/\/jag-stal.pl\/index.php?rest_route=\/wp\/v2\/users\/1"}],"replies":[{"embeddable":true,"href":"https:\/\/jag-stal.pl\/index.php?rest_route=%2Fwp%2Fv2%2Fcomments&post=714"}],"version-history":[{"count":4,"href":"https:\/\/jag-stal.pl\/index.php?rest_route=\/wp\/v2\/pages\/714\/revisions"}],"predecessor-version":[{"id":795,"href":"https:\/\/jag-stal.pl\/index.php?rest_route=\/wp\/v2\/pages\/714\/revisions\/795"}],"wp:attachment":[{"href":"https:\/\/jag-stal.pl\/index.php?rest_route=%2Fwp%2Fv2%2Fmedia&parent=714"}],"curies":[{"name":"wp","href":"https:\/\/api.w.org\/{rel}","templated":true}]}}