{"id":716,"date":"2024-01-29T22:38:34","date_gmt":"2024-01-29T21:38:34","guid":{"rendered":"https:\/\/jag-stal.pl\/?page_id=716"},"modified":"2024-01-30T22:17:24","modified_gmt":"2024-01-30T21:17:24","slug":"porecze-i-pochwyty","status":"publish","type":"page","link":"https:\/\/jag-stal.pl\/?page_id=716","title":{"rendered":"Por\u0119cze i pochwyty"},"content":{"rendered":"\n<p>Wszystkie por\u0119cze wykonujemy na wymiar dostosowuj\u0105c j\u0105 do wymog\u00f3w wn\u0119trza i oczekiwa\u0144 Klienta. W zale\u017cno\u015bci od potrzeb mog\u0105 to by\u0107 por\u0119cze o przekroju okr\u0105g\u0142ym, kwadratowym lub prostok\u0105tnym. W naszej ofercie znajduj\u0105 si\u0119 por\u0119cze i pochwyty ze stali nierdzewnej satynowanej lub polerowanej a tak\u017ce ze stali malowanej proszkowo.<\/p>\n\n\n\n<div class=\"wp-block-group alignfull has-background-color has-white-color has-black-background-color has-text-color has-background has-link-color wp-elements-bd7e4222cbd3321b8dbbb48efd0ac548 is-vertical is-content-justification-center is-layout-flex wp-container-core-group-is-layout-8adbaf51 wp-block-group-is-layout-flex\" style=\"min-height:40vh;margin-top:0;margin-bottom:0;padding-top:var(--wp--preset--spacing--60);padding-right:var(--wp--preset--spacing--40);padding-bottom:var(--wp--preset--spacing--60);padding-left:var(--wp--preset--spacing--40)\">\n<div class=\"wp-block-columns alignwide has-small-font-size is-layout-flex wp-container-core-columns-is-layout-9d6595d7 wp-block-columns-is-layout-flex\">\n<div class=\"wp-block-column is-layout-flow wp-block-column-is-layout-flow\">\n<p><\/p>\n\n\n\n<h2 class=\"wp-block-heading has-text-align-center\"><mark style=\"background-color:rgba(0, 0, 0, 0)\" class=\"has-inline-color has-nv-site-bg-color\">Kontakt<\/mark><\/h2>\n\n\n\n<p><\/p>\n\n\n\n<p class=\"has-text-align-center\"><mark style=\"background-color:rgba(0, 0, 0, 0)\" class=\"has-inline-color has-nv-site-bg-color\">Telefony kontaktowe:<br><a href=\"tel:+48577267177\">+48 577 267 177<\/a><br><a href=\"tel: +48609890850\">+48 609 890 850<\/a><br><a href=\"tel:+48785180707\">+48 785 180 707<\/a><\/mark><\/p>\n\n\n\n<p class=\"has-text-align-center\"><mark style=\"background-color:rgba(0, 0, 0, 0)\" class=\"has-inline-color has-nv-text-dark-bg-color\">ul. Marii Sk\u0142odowskiej-Curie 25\/32<br>42-217 Cz\u0119stochowa<\/mark><\/p>\n\n\n\n<p class=\"has-text-align-center\"><a href=\"mailto:biuro@jag-stal.pl\">biuro@jag-stal.pl<\/a><\/p>\n<\/div>\n\n\n\n<div class=\"wp-block-column is-vertically-aligned-center is-layout-flow wp-block-column-is-layout-flow\">\n<figure class=\"wp-block-image size-large\"><img decoding=\"async\" width=\"1024\" height=\"639\" src=\"https:\/\/mll7js3swhny.i.optimole.com\/w:1024\/h:639\/q:mauto\/ig:avif\/https:\/\/jag-stal.pl\/wp-content\/uploads\/2023\/10\/tube-898660.jpg\" alt=\"\" class=\"wp-image-643\"\/><\/figure>\n<\/div>\n<\/div>\n\n\n\n<hr class=\"wp-block-separator has-alpha-channel-opacity\"\/>\n\n\n\n<p class=\"has-text-align-center\"><mark style=\"background-color:rgba(0, 0, 0, 0)\" class=\"has-inline-color has-nv-site-bg-color\">Copyright Jag-Stal 2024<\/mark> <mark style=\"background-color:rgba(0, 0, 0, 0)\" class=\"has-inline-color has-nv-site-bg-color\">|<\/mark> <mark style=\"background-color:rgba(0, 0, 0, 0)\" class=\"has-inline-color has-nv-site-bg-color\">Wykonanie: <a href=\"https:\/\/infotechnology.pl\">InfoTechnology<\/a><\/mark><\/p>\n<\/div>\n","protected":false},"excerpt":{"rendered":"<p>Wszystkie por\u0119cze wykonujemy na wymiar dostosowuj\u0105c j\u0105 do wymog\u00f3w wn\u0119trza i oczekiwa\u0144 Klienta. W zale\u017cno\u015bci od potrzeb mog\u0105 to by\u0107 por\u0119cze o przekroju okr\u0105g\u0142ym, kwadratowym lub prostok\u0105tnym. W naszej ofercie znajduj\u0105 si\u0119 por\u0119cze i pochwyty ze stali nierdzewnej satynowanej lub polerowanej a tak\u017ce ze stali malowanej proszkowo. Kontakt Telefony kontaktowe:+48 577 267 177+48 609 890&hellip;&nbsp;<a href=\"https:\/\/jag-stal.pl\/?page_id=716\" class=\"\" rel=\"bookmark\">Czytaj dalej &raquo;<span class=\"screen-reader-text\">Por\u0119cze i pochwyty<\/span><\/a><\/p>\n","protected":false},"author":1,"featured_media":0,"parent":0,"menu_order":0,"comment_status":"closed","ping_status":"closed","template":"","meta":{"neve_meta_sidebar":"","neve_meta_container":"","neve_meta_enable_content_width":"","neve_meta_content_width":0,"neve_meta_title_alignment":"","neve_meta_author_avatar":"","neve_post_elements_order":"","neve_meta_disable_header":"","neve_meta_disable_footer":"on","neve_meta_disable_title":"","_ti_tpc_template_sync":false,"_ti_tpc_template_id":"","footnotes":""},"class_list":["post-716","page","type-page","status-publish","hentry"],"_links":{"self":[{"href":"https:\/\/jag-stal.pl\/index.php?rest_route=\/wp\/v2\/pages\/716","targetHints":{"allow":["GET"]}}],"collection":[{"href":"https:\/\/jag-stal.pl\/index.php?rest_route=\/wp\/v2\/pages"}],"about":[{"href":"https:\/\/jag-stal.pl\/index.php?rest_route=\/wp\/v2\/types\/page"}],"author":[{"embeddable":true,"href":"https:\/\/jag-stal.pl\/index.php?rest_route=\/wp\/v2\/users\/1"}],"replies":[{"embeddable":true,"href":"https:\/\/jag-stal.pl\/index.php?rest_route=%2Fwp%2Fv2%2Fcomments&post=716"}],"version-history":[{"count":2,"href":"https:\/\/jag-stal.pl\/index.php?rest_route=\/wp\/v2\/pages\/716\/revisions"}],"predecessor-version":[{"id":801,"href":"https:\/\/jag-stal.pl\/index.php?rest_route=\/wp\/v2\/pages\/716\/revisions\/801"}],"wp:attachment":[{"href":"https:\/\/jag-stal.pl\/index.php?rest_route=%2Fwp%2Fv2%2Fmedia&parent=716"}],"curies":[{"name":"wp","href":"https:\/\/api.w.org\/{rel}","templated":true}]}}