{"id":720,"date":"2024-01-29T22:41:49","date_gmt":"2024-01-29T21:41:49","guid":{"rendered":"https:\/\/jag-stal.pl\/?page_id=720"},"modified":"2024-01-30T22:17:16","modified_gmt":"2024-01-30T21:17:16","slug":"ogrodzenia-bramy-furtki-i-przesla","status":"publish","type":"page","link":"https:\/\/jag-stal.pl\/?page_id=720","title":{"rendered":"Ogrodzenia, bramy, furtki i prz\u0119s\u0142a"},"content":{"rendered":"\n<p>Oferujemy bramy, ogrodzenia, furtki, kt\u00f3re idealnie nadaj\u0105 si\u0119 do ochrony teren\u00f3w mieszkalnych, przemys\u0142owych, administracyjnych, ogrod\u00f3w, park\u00f3w czy parkan\u00f3w. Wykonujemy je z kszta\u0142townik\u00f3w stalowych, z wieloma rodzajami wype\u0142nie\u0144 jak: rurki, pr\u0119ty, k\u0105towniki, p\u0142askowniki, ceowniki, profile zamkni\u0119te, blachy, elementy kute.<\/p>\n\n\n\n<div class=\"wp-block-columns is-layout-flex wp-container-core-columns-is-layout-9d6595d7 wp-block-columns-is-layout-flex\">\n<div class=\"wp-block-column is-layout-flow wp-block-column-is-layout-flow\">\n<figure class=\"wp-block-image size-full\"><img decoding=\"async\" width=\"1000\" height=\"667\" src=\"https:\/\/mll7js3swhny.i.optimole.com\/w:auto\/h:auto\/q:mauto\/ig:avif\/https:\/\/jag-stal.pl\/wp-content\/uploads\/2024\/01\/Photogenica-PHX644866182.jpg\" alt=\"\" class=\"wp-image-755\"\/><\/figure>\n<\/div>\n\n\n\n<div class=\"wp-block-column is-layout-flow wp-block-column-is-layout-flow\">\n<figure class=\"wp-block-image size-full\"><img decoding=\"async\" width=\"1000\" height=\"667\" src=\"https:\/\/mll7js3swhny.i.optimole.com\/w:auto\/h:auto\/q:mauto\/ig:avif\/https:\/\/jag-stal.pl\/wp-content\/uploads\/2024\/01\/Photogenica-PHX613712656.jpg\" alt=\"\" class=\"wp-image-754\"\/><\/figure>\n<\/div>\n<\/div>\n\n\n\n<div class=\"wp-block-group alignfull has-background-color has-white-color has-black-background-color has-text-color has-background has-link-color wp-elements-bd7e4222cbd3321b8dbbb48efd0ac548 is-vertical is-content-justification-center is-layout-flex wp-container-core-group-is-layout-8adbaf51 wp-block-group-is-layout-flex\" style=\"min-height:40vh;margin-top:0;margin-bottom:0;padding-top:var(--wp--preset--spacing--60);padding-right:var(--wp--preset--spacing--40);padding-bottom:var(--wp--preset--spacing--60);padding-left:var(--wp--preset--spacing--40)\">\n<div class=\"wp-block-columns alignwide has-small-font-size is-layout-flex wp-container-core-columns-is-layout-9d6595d7 wp-block-columns-is-layout-flex\">\n<div class=\"wp-block-column is-layout-flow wp-block-column-is-layout-flow\">\n<p><\/p>\n\n\n\n<h2 class=\"wp-block-heading has-text-align-center\"><mark style=\"background-color:rgba(0, 0, 0, 0)\" class=\"has-inline-color has-nv-site-bg-color\">Kontakt<\/mark><\/h2>\n\n\n\n<p><\/p>\n\n\n\n<p class=\"has-text-align-center\"><mark style=\"background-color:rgba(0, 0, 0, 0)\" class=\"has-inline-color has-nv-site-bg-color\">Telefony kontaktowe:<br><a href=\"tel:+48577267177\">+48 577 267 177<\/a><br><a href=\"tel: +48609890850\">+48 609 890 850<\/a><br><a href=\"tel:+48785180707\">+48 785 180 707<\/a><\/mark><\/p>\n\n\n\n<p class=\"has-text-align-center\"><mark style=\"background-color:rgba(0, 0, 0, 0)\" class=\"has-inline-color has-nv-text-dark-bg-color\">ul. Marii Sk\u0142odowskiej-Curie 25\/32<br>42-217 Cz\u0119stochowa<\/mark><\/p>\n\n\n\n<p class=\"has-text-align-center\"><a href=\"mailto:biuro@jag-stal.pl\">biuro@jag-stal.pl<\/a><\/p>\n<\/div>\n\n\n\n<div class=\"wp-block-column is-vertically-aligned-center is-layout-flow wp-block-column-is-layout-flow\">\n<figure class=\"wp-block-image size-large\"><img data-opt-src=\"https:\/\/mll7js3swhny.i.optimole.com\/w:1024\/h:639\/q:mauto\/ig:avif\/https:\/\/jag-stal.pl\/wp-content\/uploads\/2023\/10\/tube-898660.jpg\"  decoding=\"async\" width=\"1024\" height=\"639\" src=\"data:image/svg+xml,%3Csvg%20viewBox%3D%220%200%201024%20639%22%20width%3D%221024%22%20height%3D%22639%22%20xmlns%3D%22http%3A%2F%2Fwww.w3.org%2F2000%2Fsvg%22%3E%3Crect%20width%3D%221024%22%20height%3D%22639%22%20fill%3D%22transparent%22%2F%3E%3C%2Fsvg%3E\" alt=\"\" class=\"wp-image-643\"\/><\/figure>\n<\/div>\n<\/div>\n\n\n\n<hr class=\"wp-block-separator has-alpha-channel-opacity\"\/>\n\n\n\n<p class=\"has-text-align-center\"><mark style=\"background-color:rgba(0, 0, 0, 0)\" class=\"has-inline-color has-nv-site-bg-color\">Copyright Jag-Stal 2024<\/mark> <mark style=\"background-color:rgba(0, 0, 0, 0)\" class=\"has-inline-color has-nv-site-bg-color\">|<\/mark> <mark style=\"background-color:rgba(0, 0, 0, 0)\" class=\"has-inline-color has-nv-site-bg-color\">Wykonanie: <a href=\"https:\/\/infotechnology.pl\">InfoTechnology<\/a><\/mark><\/p>\n<\/div>\n","protected":false},"excerpt":{"rendered":"<p>Oferujemy bramy, ogrodzenia, furtki, kt\u00f3re idealnie nadaj\u0105 si\u0119 do ochrony teren\u00f3w mieszkalnych, przemys\u0142owych, administracyjnych, ogrod\u00f3w, park\u00f3w czy parkan\u00f3w. Wykonujemy je z kszta\u0142townik\u00f3w stalowych, z wieloma rodzajami wype\u0142nie\u0144 jak: rurki, pr\u0119ty, k\u0105towniki, p\u0142askowniki, ceowniki, profile zamkni\u0119te, blachy, elementy kute. Kontakt Telefony kontaktowe:+48 577 267 177+48 609 890 850+48 785 180 707 ul. Marii Sk\u0142odowskiej-Curie 25\/3242-217 Cz\u0119stochowa&hellip;&nbsp;<a href=\"https:\/\/jag-stal.pl\/?page_id=720\" class=\"\" rel=\"bookmark\">Czytaj dalej &raquo;<span class=\"screen-reader-text\">Ogrodzenia, bramy, furtki i prz\u0119s\u0142a<\/span><\/a><\/p>\n","protected":false},"author":1,"featured_media":0,"parent":0,"menu_order":0,"comment_status":"closed","ping_status":"closed","template":"","meta":{"neve_meta_sidebar":"","neve_meta_container":"","neve_meta_enable_content_width":"","neve_meta_content_width":0,"neve_meta_title_alignment":"","neve_meta_author_avatar":"","neve_post_elements_order":"","neve_meta_disable_header":"","neve_meta_disable_footer":"on","neve_meta_disable_title":"","_ti_tpc_template_sync":false,"_ti_tpc_template_id":"","footnotes":""},"class_list":["post-720","page","type-page","status-publish","hentry"],"_links":{"self":[{"href":"https:\/\/jag-stal.pl\/index.php?rest_route=\/wp\/v2\/pages\/720","targetHints":{"allow":["GET"]}}],"collection":[{"href":"https:\/\/jag-stal.pl\/index.php?rest_route=\/wp\/v2\/pages"}],"about":[{"href":"https:\/\/jag-stal.pl\/index.php?rest_route=\/wp\/v2\/types\/page"}],"author":[{"embeddable":true,"href":"https:\/\/jag-stal.pl\/index.php?rest_route=\/wp\/v2\/users\/1"}],"replies":[{"embeddable":true,"href":"https:\/\/jag-stal.pl\/index.php?rest_route=%2Fwp%2Fv2%2Fcomments&post=720"}],"version-history":[{"count":3,"href":"https:\/\/jag-stal.pl\/index.php?rest_route=\/wp\/v2\/pages\/720\/revisions"}],"predecessor-version":[{"id":800,"href":"https:\/\/jag-stal.pl\/index.php?rest_route=\/wp\/v2\/pages\/720\/revisions\/800"}],"wp:attachment":[{"href":"https:\/\/jag-stal.pl\/index.php?rest_route=%2Fwp%2Fv2%2Fmedia&parent=720"}],"curies":[{"name":"wp","href":"https:\/\/api.w.org\/{rel}","templated":true}]}}