{"id":722,"date":"2024-01-29T22:42:49","date_gmt":"2024-01-29T21:42:49","guid":{"rendered":"https:\/\/jag-stal.pl\/?page_id=722"},"modified":"2024-01-30T22:17:10","modified_gmt":"2024-01-30T21:17:10","slug":"drabiny-kraty-odboje-odbojnice-przyziemne-przemyslowe-slupowe","status":"publish","type":"page","link":"https:\/\/jag-stal.pl\/?page_id=722","title":{"rendered":"Drabiny, kraty, odboje, odbojnice przyziemne, przemys\u0142owe, s\u0142upowe"},"content":{"rendered":"\n<p>Jeste\u015bmy r\u00f3wnie\u017c producentem drabin, krat i odboj\u00f3w. Nasze produkty wykonujemy ze stali nierdzewnej wyko\u0144czonej na po\u0142ysk lub matowo. Alternatywnie ze stali konstrukcyjnej zabezpieczonej antykorozyjnie np. poprzez ocynkowanie, kt\u00f3r\u0105 mo\u017cemy dodatkowo pomalowa\u0107 proszkowo na dowolny kolor z palety RAL.<\/p>\n\n\n\n<p><strong>DRABINY<\/strong> &#8211; zapewniaj\u0105ce bezpieczne wej\u015bcie na budynki, du\u017ce maszyny i rega\u0142y. S\u0142u\u017c\u0105 r\u00f3wnie\u017c jako bezpieczna droga ucieczki w razie po\u017caru i innych niebezpiecznych sytuacji.<\/p>\n\n\n\n<p><strong>KRATY<\/strong> &#8211; s\u0142u\u017c\u0105 jako zabezpieczenia okien w pionie i w poziomie. Przede wszystkim pe\u0142ni\u0105 funkcje antyw\u0142amaniowe, wzbogacaj\u0105 r\u00f3wnocze\u015bnie form\u0119 architektoniczn\u0105 elewacji budynku.<\/p>\n\n\n\n<p>Do produkcji krat u\u017cywamy stali konstrukcyjnej oraz element\u00f3w kutych, kt\u00f3re zabezpieczamy antykorozyjnie i malujemy proszkowo.<\/p>\n\n\n\n<p><strong>ODBOJE, ODBOJNICE &#8211; <\/strong>s\u0105 doskona\u0142ym zabezpieczeniem \u015bcian, naro\u017cnik\u00f3w, drzwi przesuwnych, wind i&nbsp;wiatro\u0142ap\u00f3w. Produkujemy odboje ze stali nierdzewnej i ze stali konstrukcyjnej przy wykorzystaniu &nbsp;kszta\u0142townik\u00f3w o przekroju okr\u0105g\u0142ym, kwadratowym i prostok\u0105tnym.<\/p>\n\n\n\n<p>Kraty, drabiny i odboje wykonujemy zar\u00f3wno z przeznaczeniem do dom\u00f3w prywatnych, jak i do obiekt\u00f3w przemys\u0142owych, w szczeg\u00f3lno\u015bci do oczyszczalni \u015bciek\u00f3w i zbiornik\u00f3w retencyjnych.<\/p>\n\n\n\n<div class=\"wp-block-group alignfull has-background-color has-white-color has-black-background-color has-text-color has-background has-link-color wp-elements-bd7e4222cbd3321b8dbbb48efd0ac548 is-vertical is-content-justification-center is-layout-flex wp-container-core-group-is-layout-8adbaf51 wp-block-group-is-layout-flex\" style=\"min-height:40vh;margin-top:0;margin-bottom:0;padding-top:var(--wp--preset--spacing--60);padding-right:var(--wp--preset--spacing--40);padding-bottom:var(--wp--preset--spacing--60);padding-left:var(--wp--preset--spacing--40)\">\n<div class=\"wp-block-columns alignwide has-small-font-size is-layout-flex wp-container-core-columns-is-layout-9d6595d7 wp-block-columns-is-layout-flex\">\n<div class=\"wp-block-column is-layout-flow wp-block-column-is-layout-flow\">\n<p><\/p>\n\n\n\n<h2 class=\"wp-block-heading has-text-align-center\"><mark style=\"background-color:rgba(0, 0, 0, 0)\" class=\"has-inline-color has-nv-site-bg-color\">Kontakt<\/mark><\/h2>\n\n\n\n<p><\/p>\n\n\n\n<p class=\"has-text-align-center\"><mark style=\"background-color:rgba(0, 0, 0, 0)\" class=\"has-inline-color has-nv-site-bg-color\">Telefony kontaktowe:<br><a href=\"tel:+48577267177\">+48 577 267 177<\/a><br><a href=\"tel: +48609890850\">+48 609 890 850<\/a><br><a href=\"tel:+48785180707\">+48 785 180 707<\/a><\/mark><\/p>\n\n\n\n<p class=\"has-text-align-center\"><mark style=\"background-color:rgba(0, 0, 0, 0)\" class=\"has-inline-color has-nv-text-dark-bg-color\">ul. Marii Sk\u0142odowskiej-Curie 25\/32<br>42-217 Cz\u0119stochowa<\/mark><\/p>\n\n\n\n<p class=\"has-text-align-center\"><a href=\"mailto:biuro@jag-stal.pl\">biuro@jag-stal.pl<\/a><\/p>\n<\/div>\n\n\n\n<div class=\"wp-block-column is-vertically-aligned-center is-layout-flow wp-block-column-is-layout-flow\">\n<figure class=\"wp-block-image size-large\"><img decoding=\"async\" width=\"1024\" height=\"639\" src=\"https:\/\/mll7js3swhny.i.optimole.com\/w:1024\/h:639\/q:mauto\/ig:avif\/https:\/\/jag-stal.pl\/wp-content\/uploads\/2023\/10\/tube-898660.jpg\" alt=\"\" class=\"wp-image-643\"\/><\/figure>\n<\/div>\n<\/div>\n\n\n\n<hr class=\"wp-block-separator has-alpha-channel-opacity\"\/>\n\n\n\n<p class=\"has-text-align-center\"><mark style=\"background-color:rgba(0, 0, 0, 0)\" class=\"has-inline-color has-nv-site-bg-color\">Copyright Jag-Stal 2024<\/mark> <mark style=\"background-color:rgba(0, 0, 0, 0)\" class=\"has-inline-color has-nv-site-bg-color\">|<\/mark> <mark style=\"background-color:rgba(0, 0, 0, 0)\" class=\"has-inline-color has-nv-site-bg-color\">Wykonanie: <a href=\"https:\/\/infotechnology.pl\">InfoTechnology<\/a><\/mark><\/p>\n<\/div>\n","protected":false},"excerpt":{"rendered":"<p>Jeste\u015bmy r\u00f3wnie\u017c producentem drabin, krat i odboj\u00f3w. Nasze produkty wykonujemy ze stali nierdzewnej wyko\u0144czonej na po\u0142ysk lub matowo. Alternatywnie ze stali konstrukcyjnej zabezpieczonej antykorozyjnie np. poprzez ocynkowanie, kt\u00f3r\u0105 mo\u017cemy dodatkowo pomalowa\u0107 proszkowo na dowolny kolor z palety RAL. DRABINY &#8211; zapewniaj\u0105ce bezpieczne wej\u015bcie na budynki, du\u017ce maszyny i rega\u0142y. S\u0142u\u017c\u0105 r\u00f3wnie\u017c jako bezpieczna droga ucieczki&hellip;&nbsp;<a href=\"https:\/\/jag-stal.pl\/?page_id=722\" class=\"\" rel=\"bookmark\">Czytaj dalej &raquo;<span class=\"screen-reader-text\">Drabiny, kraty, odboje, odbojnice przyziemne, przemys\u0142owe, s\u0142upowe<\/span><\/a><\/p>\n","protected":false},"author":1,"featured_media":0,"parent":0,"menu_order":0,"comment_status":"closed","ping_status":"closed","template":"","meta":{"neve_meta_sidebar":"","neve_meta_container":"","neve_meta_enable_content_width":"","neve_meta_content_width":0,"neve_meta_title_alignment":"","neve_meta_author_avatar":"","neve_post_elements_order":"","neve_meta_disable_header":"","neve_meta_disable_footer":"on","neve_meta_disable_title":"","_ti_tpc_template_sync":false,"_ti_tpc_template_id":"","footnotes":""},"class_list":["post-722","page","type-page","status-publish","hentry"],"_links":{"self":[{"href":"https:\/\/jag-stal.pl\/index.php?rest_route=\/wp\/v2\/pages\/722","targetHints":{"allow":["GET"]}}],"collection":[{"href":"https:\/\/jag-stal.pl\/index.php?rest_route=\/wp\/v2\/pages"}],"about":[{"href":"https:\/\/jag-stal.pl\/index.php?rest_route=\/wp\/v2\/types\/page"}],"author":[{"embeddable":true,"href":"https:\/\/jag-stal.pl\/index.php?rest_route=\/wp\/v2\/users\/1"}],"replies":[{"embeddable":true,"href":"https:\/\/jag-stal.pl\/index.php?rest_route=%2Fwp%2Fv2%2Fcomments&post=722"}],"version-history":[{"count":3,"href":"https:\/\/jag-stal.pl\/index.php?rest_route=\/wp\/v2\/pages\/722\/revisions"}],"predecessor-version":[{"id":799,"href":"https:\/\/jag-stal.pl\/index.php?rest_route=\/wp\/v2\/pages\/722\/revisions\/799"}],"wp:attachment":[{"href":"https:\/\/jag-stal.pl\/index.php?rest_route=%2Fwp%2Fv2%2Fmedia&parent=722"}],"curies":[{"name":"wp","href":"https:\/\/api.w.org\/{rel}","templated":true}]}}